{"id":658,"date":"2022-02-20T05:44:47","date_gmt":"2022-02-20T05:44:47","guid":{"rendered":"https:\/\/startersites.io\/stagingthree\/?page_id=658"},"modified":"2026-02-13T01:55:16","modified_gmt":"2026-02-13T01:55:16","slug":"contact","status":"publish","type":"page","link":"https:\/\/cej.org.mx\/webnueva\/contact\/","title":{"rendered":"40 A\u00f1os del CEJ"},"content":{"rendered":"\n<div class=\"wp-block-cover alignfull\"><img loading=\"lazy\" decoding=\"async\" width=\"768\" height=\"1024\" class=\"wp-block-cover__image-background wp-image-1448 size-large\" alt=\"\" src=\"https:\/\/cej.org.mx\/wp-content\/uploads\/2025\/07\/Imagen-de-WhatsApp-2025-06-16-a-las-18.25.57_7bbba087-768x1024.jpg\" data-object-fit=\"cover\" srcset=\"https:\/\/cej.org.mx\/webnueva\/wp-content\/uploads\/2025\/07\/Imagen-de-WhatsApp-2025-06-16-a-las-18.25.57_7bbba087-768x1024.jpg 768w, https:\/\/cej.org.mx\/webnueva\/wp-content\/uploads\/2025\/07\/Imagen-de-WhatsApp-2025-06-16-a-las-18.25.57_7bbba087-225x300.jpg 225w, https:\/\/cej.org.mx\/webnueva\/wp-content\/uploads\/2025\/07\/Imagen-de-WhatsApp-2025-06-16-a-las-18.25.57_7bbba087.jpg 960w\" sizes=\"auto, (max-width: 768px) 100vw, 768px\" \/><span aria-hidden=\"true\" class=\"wp-block-cover__background has-palette-color-4-background-color has-background-dim\"><\/span><div class=\"wp-block-cover__inner-container is-layout-constrained wp-block-cover-is-layout-constrained\">\n<p class=\"has-text-align-left has-palette-color-8-color has-text-color has-link-color has-xx-large-font-size wp-elements-a5c906f930ff7c7205333f740cb55f23\">40 A\u00d1OS DEL CEJ<\/p>\n<\/div><\/div>\n\n\n\n<div class=\"wp-block-stackable-spacer stk-block-spacer stk--no-padding stk-block stk-6090630\" data-block-id=\"6090630\"><style>.stk-6090630 {height:0px !important;}@media screen and (max-width:999px){.stk-6090630 {height:80px !important;}}<\/style><\/div>\n\n\n\n<div class=\"wp-block-stackable-heading stk-block-heading stk-block-heading--v2 stk-block stk-41f6f5a\" id=\"maestros-asesores\" data-block-id=\"41f6f5a\"><style>.stk-41f6f5a {margin-bottom:23px !important;}.stk-41f6f5a .stk-block-heading__text{font-size:var(--stk--preset--font-size--x-large, 50px) !important;color:var(--theme-palette-color-6, #f9fafb) !important;line-height:1.2em !important;}@media screen and (max-width:999px){.stk-41f6f5a .stk-block-heading__text{font-size:var(--stk--preset--font-size--x-large, 50px) !important;}}<\/style><h2 class=\"stk-block-heading__text has-text-color has-text-align-center\">MAESTROS \/ ASESORES<\/h2><\/div>\n\n\n\n<hr class=\"is-style-wide wp-block-separator has-alpha-channel-opacity\"\/>\n\n\n\n<div class=\"wp-block-stackable-columns stk-block-columns stk-block stk-e812d26\" data-block-id=\"e812d26\"><style>.stk-e812d26 {padding-top:var(--stk--preset--spacing--none, 0px) !important;padding-right:var(--stk--preset--spacing--80, 5.06rem) !important;padding-bottom:var(--stk--preset--spacing--80, 5.06rem) !important;padding-left:var(--stk--preset--spacing--80, 5.06rem) !important;margin-bottom:0px !important;}<\/style><div class=\"stk-row stk-inner-blocks stk-block-content stk-content-align stk-e812d26-column\">\n<div class=\"wp-block-stackable-column stk-block-column stk-column stk-block stk-9df802c\" data-v=\"4\" data-block-id=\"9df802c\"><style>@media screen and (min-width:690px){.stk-9df802c {flex:var(--stk-flex-grow, 1) 1 25% !important;}}<\/style><div class=\"stk-column-wrapper stk-block-column__content stk-container stk-9df802c-container stk--no-background stk--no-padding\"><div class=\"stk-block-content stk-inner-blocks stk-9df802c-inner-blocks\">\n<p class=\"has-palette-color-6-color has-text-color has-link-color has-medium-font-size wp-elements-0d86b08ad84ee1520300303f46571c81\">Beatriz Briggs<\/p>\n\n\n\n<p class=\"has-palette-color-6-color has-text-color has-link-color has-medium-font-size wp-elements-b426028477ba7cdecb071e6abb7a4545\">Carlos Padilla Massieu<\/p>\n\n\n\n<p class=\"has-palette-color-6-color has-text-color has-link-color has-medium-font-size wp-elements-b35c80d82f4e829354aa81c149354260\">Jorge Gast\u00f3n<\/p>\n\n\n\n<p class=\"has-palette-color-6-color has-text-color has-link-color has-medium-font-size wp-elements-b11d63b9491429abe48e737aac22fe44\">Jorge Berni<\/p>\n\n\n\n<p class=\"has-palette-color-6-color has-text-color has-link-color has-medium-font-size wp-elements-ede6d1e1190ade9f4b2345c7d4534a7a\">Ruy Cervantes<\/p>\n\n\n\n<p class=\"\"><\/p>\n<\/div><\/div><\/div>\n\n\n\n<div class=\"wp-block-stackable-column stk-block-column stk-column stk-block stk-9d5d4dd\" data-v=\"4\" data-block-id=\"9d5d4dd\"><style>@media screen and (min-width:690px){.stk-9d5d4dd {flex:var(--stk-flex-grow, 1) 1 25% !important;}}<\/style><div class=\"stk-column-wrapper stk-block-column__content stk-container stk-9d5d4dd-container stk--no-background stk--no-padding\"><div class=\"stk-block-content stk-inner-blocks stk-9d5d4dd-inner-blocks\">\n<p class=\"has-palette-color-6-color has-text-color has-link-color has-medium-font-size wp-elements-48cabf3d07bc838f329504b1959fb826\">Luis S\u00e1nchez Cata\u00f1o<\/p>\n\n\n\n<p class=\"has-palette-color-6-color has-text-color has-link-color has-medium-font-size wp-elements-c86dbbc8fcfcf8a8f48e069df74d7e72\">Carlos Galindo<\/p>\n\n\n\n<p class=\"has-palette-color-6-color has-text-color has-link-color has-medium-font-size wp-elements-586f57605cd102fe49c94410d4f0e543\">Marisa Jacott<\/p>\n\n\n\n<p class=\"has-palette-color-6-color has-text-color has-link-color has-medium-font-size wp-elements-6467659299b87a0391a919ddab864709\">Diego del Moral<\/p>\n\n\n\n<p class=\"has-palette-color-6-color has-text-color has-link-color has-medium-font-size wp-elements-21cb6e8dcbdffe2906b8b48c764416cb\">Karina Paucic<\/p>\n\n\n\n<p class=\"has-palette-color-6-color has-text-color has-link-color has-medium-font-size wp-elements-d6a2a726460e8781c58b95e371e37b1e\">Gustavo Acosta<\/p>\n\n\n\n<p class=\"\"><\/p>\n<\/div><\/div><\/div>\n\n\n\n<div class=\"wp-block-stackable-column stk-block-column stk-column stk-block stk-373b7c3\" data-v=\"4\" data-block-id=\"373b7c3\"><style>@media screen and (min-width:690px){.stk-373b7c3 {flex:var(--stk-flex-grow, 1) 1 25% !important;}}<\/style><div class=\"stk-column-wrapper stk-block-column__content stk-container stk-373b7c3-container stk--no-background stk--no-padding\"><div class=\"stk-block-content stk-inner-blocks stk-373b7c3-inner-blocks\">\n<p class=\"has-palette-color-6-color has-text-color has-link-color has-medium-font-size wp-elements-651ab09d557411d3c5ca4b1c53f44722\">Luis Casillas<\/p>\n\n\n\n<p class=\"has-palette-color-6-color has-text-color has-link-color has-medium-font-size wp-elements-7a8a78bde309cc782f6fd11695ef0f3e\">Virginia Espino de Setzer<\/p>\n\n\n\n<p class=\"has-palette-color-6-color has-text-color has-link-color has-medium-font-size wp-elements-66dac740b8afb9d0bbe12fac63cd9649\">Helio Garc\u00eda<\/p>\n\n\n\n<p class=\"has-palette-color-6-color has-text-color has-link-color has-medium-font-size wp-elements-dfe526dc4aff3c67854177e803ca72b1\">Luis Flores<\/p>\n\n\n\n<p class=\"has-palette-color-6-color has-text-color has-link-color has-medium-font-size wp-elements-224067f9b9b3cd6e9a0024a962dc2741\">Veronica Garibay<\/p>\n\n\n\n<p class=\"has-palette-color-6-color has-text-color has-link-color has-medium-font-size wp-elements-3a9bb5a0381b34b414c8e25016450690\">Felipe Amezcua<\/p>\n\n\n\n<p class=\"\"><\/p>\n<\/div><\/div><\/div>\n\n\n\n<div class=\"wp-block-stackable-column stk-block-column stk-column stk-block stk-693ed3a\" data-v=\"4\" data-block-id=\"693ed3a\"><style>@media screen and (min-width:690px){.stk-693ed3a {flex:var(--stk-flex-grow, 1) 1 25% !important;}}<\/style><div class=\"stk-column-wrapper stk-block-column__content stk-container stk-693ed3a-container stk--no-background stk--no-padding\"><div class=\"stk-block-content stk-inner-blocks stk-693ed3a-inner-blocks\">\n<p class=\"has-palette-color-6-color has-text-color has-link-color has-medium-font-size wp-elements-919bbfeb3b796d9813440351e269c443\">Beatriz C\u00e1rdenas<\/p>\n\n\n\n<p class=\"has-palette-color-6-color has-text-color has-link-color has-medium-font-size wp-elements-fd2a9519caf9337666845b340a5876c3\">\u00c1lvaro Osornio<\/p>\n\n\n\n<p class=\"has-palette-color-6-color has-text-color has-link-color has-medium-font-size wp-elements-77ad7eca9be1c8af29b992a42bfd25a3\">Productores agro<\/p>\n\n\n\n<p class=\"has-palette-color-6-color has-text-color has-link-color has-medium-font-size wp-elements-ffd97e119e9f0d50dc8e2336dc79e782\">Ronnie Cummins<\/p>\n\n\n\n<p class=\"\"><\/p>\n<\/div><\/div><\/div>\n<\/div><\/div>\n\n\n\n<p class=\"\"><\/p>\n","protected":false},"excerpt":{"rendered":"<p>MAESTROS \/ ASESORES Beatriz Briggs Carlos Padilla Massieu Jorge Gast\u00f3n Jorge Berni Ruy Cervantes Luis S\u00e1nchez Cata\u00f1o Carlos Galindo Marisa Jacott Diego del Moral Karina Paucic Gustavo Acosta Luis Casillas Virginia Espino de Setzer Helio Garc\u00eda Luis Flores Veronica Garibay Felipe Amezcua Beatriz C\u00e1rdenas \u00c1lvaro Osornio Productores agro Ronnie Cummins<\/p>\n","protected":false},"author":1,"featured_media":0,"parent":0,"menu_order":0,"comment_status":"closed","ping_status":"closed","template":"","meta":{"nf_dc_page":"","footnotes":""},"class_list":["post-658","page","type-page","status-publish","hentry"],"blocksy_meta":{"styles_descriptor":{"styles":{"desktop":"","tablet":"","mobile":""},"google_fonts":[],"version":6}},"_links":{"self":[{"href":"https:\/\/cej.org.mx\/webnueva\/wp-json\/wp\/v2\/pages\/658","targetHints":{"allow":["GET"]}}],"collection":[{"href":"https:\/\/cej.org.mx\/webnueva\/wp-json\/wp\/v2\/pages"}],"about":[{"href":"https:\/\/cej.org.mx\/webnueva\/wp-json\/wp\/v2\/types\/page"}],"author":[{"embeddable":true,"href":"https:\/\/cej.org.mx\/webnueva\/wp-json\/wp\/v2\/users\/1"}],"replies":[{"embeddable":true,"href":"https:\/\/cej.org.mx\/webnueva\/wp-json\/wp\/v2\/comments?post=658"}],"version-history":[{"count":10,"href":"https:\/\/cej.org.mx\/webnueva\/wp-json\/wp\/v2\/pages\/658\/revisions"}],"predecessor-version":[{"id":2040,"href":"https:\/\/cej.org.mx\/webnueva\/wp-json\/wp\/v2\/pages\/658\/revisions\/2040"}],"wp:attachment":[{"href":"https:\/\/cej.org.mx\/webnueva\/wp-json\/wp\/v2\/media?parent=658"}],"curies":[{"name":"wp","href":"https:\/\/api.w.org\/{rel}","templated":true}]}}